{"id":8,"date":"2024-11-21T11:05:19","date_gmt":"2024-11-21T14:05:19","guid":{"rendered":"https:\/\/iemecomunicacao.com.br\/?page_id=8"},"modified":"2024-11-21T12:08:01","modified_gmt":"2024-11-21T15:08:01","slug":"ieme-comunicacao","status":"publish","type":"page","link":"https:\/\/iemecomunicacao.com.br\/","title":{"rendered":"Ieme Comunica\u00e7\u00e3o"},"content":{"rendered":"\t\t<div data-elementor-type=\"wp-page\" data-elementor-id=\"8\" class=\"elementor elementor-8\" data-elementor-post-type=\"page\">\n\t\t\t\t<div class=\"elementor-element elementor-element-455f14dc e-con-full e-flex e-con e-parent\" data-id=\"455f14dc\" data-element_type=\"container\" data-settings=\"{&quot;background_background&quot;:&quot;classic&quot;}\">\n\t\t\t\t<div class=\"elementor-element elementor-element-20389b9a elementor-widget elementor-widget-image\" data-id=\"20389b9a\" data-element_type=\"widget\" data-widget_type=\"image.default\">\n\t\t\t\t<div class=\"elementor-widget-container\">\n\t\t\t\t\t\t\t\t\t\t\t\t\t<img decoding=\"async\" src=\"https:\/\/iemecomunicacao.com.br\/wp-content\/uploads\/elementor\/thumbs\/Property-1cor-1-qxdy7fyesb1zsbiofk5zhkm0hny2f16wgnvgi04zy2.png\" title=\"Property-1cor.png\" alt=\"Property-1cor.png\" loading=\"lazy\" \/>\t\t\t\t\t\t\t\t\t\t\t\t\t<\/div>\n\t\t\t\t<\/div>\n\t\t\t\t<\/div>\n\t\t<div class=\"elementor-element elementor-element-5317669d e-con-full e-flex e-con e-parent\" data-id=\"5317669d\" data-element_type=\"container\" data-settings=\"{&quot;background_background&quot;:&quot;classic&quot;}\">\n\t\t<div class=\"elementor-element elementor-element-1773adac e-con-full e-flex e-con e-child\" data-id=\"1773adac\" data-element_type=\"container\">\n\t\t\t\t<div class=\"elementor-element elementor-element-573b79f5 elementor-invisible elementor-widget elementor-widget-heading\" data-id=\"573b79f5\" data-element_type=\"widget\" data-settings=\"{&quot;_animation&quot;:&quot;bounceInLeft&quot;}\" data-widget_type=\"heading.default\">\n\t\t\t\t<div class=\"elementor-widget-container\">\n\t\t\t<h2 class=\"elementor-heading-title elementor-size-default\">Prazer, <br \/> somos a  <br \/><div class=\"garet-heavy\" style=\"font-weight:900;margin-top:10px\"> IEME<\/div><\/h2>\t\t<\/div>\n\t\t\t\t<\/div>\n\t\t\t\t<div class=\"elementor-element elementor-element-595cff1b elementor-invisible elementor-widget elementor-widget-text-editor\" data-id=\"595cff1b\" data-element_type=\"widget\" data-settings=\"{&quot;_animation&quot;:&quot;fadeIn&quot;}\" data-widget_type=\"text-editor.default\">\n\t\t\t\t<div class=\"elementor-widget-container\">\n\t\t\t\t\t\t\t<p>Jornalistas de forma\u00e7\u00e3o, acreditamos no poder da comunica\u00e7\u00e3o e que o bom e velho planejamento de marketing ainda \u00e9 importante para o sucesso dos mais diversos neg\u00f3cios. Sorte? Sim, existe. Mas quem quer &#8211; ou pode &#8211; contar com ela?<\/p>\t\t\t\t\t\t<\/div>\n\t\t\t\t<\/div>\n\t\t\t\t<div class=\"elementor-element elementor-element-6c8d27bd elementor-invisible elementor-widget elementor-widget-image\" data-id=\"6c8d27bd\" data-element_type=\"widget\" data-settings=\"{&quot;_animation&quot;:&quot;fadeInLeft&quot;}\" data-widget_type=\"image.default\">\n\t\t\t\t<div class=\"elementor-widget-container\">\n\t\t\t\t\t\t\t\t\t\t\t\t\t<img decoding=\"async\" width=\"448\" height=\"106\" src=\"https:\/\/iemecomunicacao.com.br\/wp-content\/uploads\/2024\/11\/bolinhas.png\" class=\"attachment-large size-large wp-image-26\" alt=\"\" srcset=\"https:\/\/iemecomunicacao.com.br\/wp-content\/uploads\/2024\/11\/bolinhas.png 448w, https:\/\/iemecomunicacao.com.br\/wp-content\/uploads\/2024\/11\/bolinhas-300x71.png 300w\" sizes=\"(max-width: 448px) 100vw, 448px\" style=\"width:100%;height:23.66%;max-width:448px\" \/>\t\t\t\t\t\t\t\t\t\t\t\t\t<\/div>\n\t\t\t\t<\/div>\n\t\t\t\t<\/div>\n\t\t<div class=\"elementor-element elementor-element-bac588f e-con-full e-flex e-con e-child\" data-id=\"bac588f\" data-element_type=\"container\">\n\t\t\t\t<div class=\"elementor-element elementor-element-4f2f6e20 e-transform elementor-invisible elementor-widget elementor-widget-image\" data-id=\"4f2f6e20\" data-element_type=\"widget\" data-settings=\"{&quot;_animation&quot;:&quot;bounceInRight&quot;,&quot;_transform_scale_effect_hover&quot;:{&quot;unit&quot;:&quot;px&quot;,&quot;size&quot;:1.1000000000000001,&quot;sizes&quot;:[]},&quot;_transform_scale_effect_hover_tablet&quot;:{&quot;unit&quot;:&quot;px&quot;,&quot;size&quot;:&quot;&quot;,&quot;sizes&quot;:[]},&quot;_transform_scale_effect_hover_mobile&quot;:{&quot;unit&quot;:&quot;px&quot;,&quot;size&quot;:&quot;&quot;,&quot;sizes&quot;:[]}}\" data-widget_type=\"image.default\">\n\t\t\t\t<div class=\"elementor-widget-container\">\n\t\t\t\t\t\t\t\t\t\t\t\t\t<img fetchpriority=\"high\" decoding=\"async\" width=\"483\" height=\"509\" src=\"https:\/\/iemecomunicacao.com.br\/wp-content\/uploads\/2024\/11\/imagem_socias_blurred.png\" class=\"attachment-large size-large wp-image-27\" alt=\"\" srcset=\"https:\/\/iemecomunicacao.com.br\/wp-content\/uploads\/2024\/11\/imagem_socias_blurred.png 483w, https:\/\/iemecomunicacao.com.br\/wp-content\/uploads\/2024\/11\/imagem_socias_blurred-285x300.png 285w\" sizes=\"(max-width: 483px) 100vw, 483px\" style=\"width:100%;height:105.38%;max-width:483px\" \/>\t\t\t\t\t\t\t\t\t\t\t\t\t<\/div>\n\t\t\t\t<\/div>\n\t\t\t\t<\/div>\n\t\t\t\t<\/div>\n\t\t<div class=\"elementor-element elementor-element-471f9a6c e-con-full e-flex e-con e-parent\" data-id=\"471f9a6c\" data-element_type=\"container\" data-settings=\"{&quot;background_background&quot;:&quot;classic&quot;}\">\n\t\t<div class=\"elementor-element elementor-element-40b0f1 e-con-full e-flex e-con e-child\" data-id=\"40b0f1\" data-element_type=\"container\">\n\t\t\t\t<div class=\"elementor-element elementor-element-6dd9b5c4 elementor-widget elementor-widget-heading\" data-id=\"6dd9b5c4\" data-element_type=\"widget\" data-widget_type=\"heading.default\">\n\t\t\t\t<div class=\"elementor-widget-container\">\n\t\t\t<h2 class=\"elementor-heading-title elementor-size-default\"><span class=\"garet-book\">Como<\/span><\/br>\nassessoras de imprensa,<br \/><span class=\"garet-book\">\nentendemos a efici\u00eancia e agilidade dos meios digitais sem descartar a credibilidade das m\u00eddias tradicionais.<\/span><\/h2>\t\t<\/div>\n\t\t\t\t<\/div>\n\t\t\t\t<\/div>\n\t\t<div class=\"elementor-element elementor-element-4f502965 e-con-full e-flex e-con e-child\" data-id=\"4f502965\" data-element_type=\"container\">\n\t\t\t\t<div class=\"elementor-element elementor-element-1e0e69d6 elementor-widget elementor-widget-heading\" data-id=\"1e0e69d6\" data-element_type=\"widget\" data-widget_type=\"heading.default\">\n\t\t\t\t<div class=\"elementor-widget-container\">\n\t\t\t<h2 class=\"elementor-heading-title elementor-size-default\"><span class=\"garet-book\">Como<\/span><\/br>\ncriadoras de conte\u00fado,<br \/><span class=\"garet-book\">\nacompanhamos as tend\u00eancias, as novidades e ficamos de olho nas hashtags do momento.<\/span><\/h2>\t\t<\/div>\n\t\t\t\t<\/div>\n\t\t\t\t<\/div>\n\t\t<div class=\"elementor-element elementor-element-df17279 e-con-full e-flex e-con e-child\" data-id=\"df17279\" data-element_type=\"container\">\n\t\t\t\t<div class=\"elementor-element elementor-element-6279448b elementor-widget elementor-widget-heading\" data-id=\"6279448b\" data-element_type=\"widget\" data-widget_type=\"heading.default\">\n\t\t\t\t<div class=\"elementor-widget-container\">\n\t\t\t<h2 class=\"elementor-heading-title elementor-size-default\"><span class=\"garet-book\">Como<\/span><\/br>\norganizadoras de evento,<br \/><span class=\"garet-book\">\npensamos em experi\u00eancias memor\u00e1veis e momentos instagram\u00e1veis.<\/span><\/h2>\t\t<\/div>\n\t\t\t\t<\/div>\n\t\t\t\t<\/div>\n\t\t\t\t<div class=\"elementor-element elementor-element-84dd918 elementor-invisible elementor-widget elementor-widget-image\" data-id=\"84dd918\" data-element_type=\"widget\" data-settings=\"{&quot;_animation&quot;:&quot;fadeInRight&quot;}\" data-widget_type=\"image.default\">\n\t\t\t\t<div class=\"elementor-widget-container\">\n\t\t\t\t\t\t\t\t\t\t\t\t\t<img decoding=\"async\" width=\"448\" height=\"106\" src=\"https:\/\/iemecomunicacao.com.br\/wp-content\/uploads\/2024\/11\/bolinhas.png\" class=\"attachment-large size-large wp-image-26\" alt=\"\" srcset=\"https:\/\/iemecomunicacao.com.br\/wp-content\/uploads\/2024\/11\/bolinhas.png 448w, https:\/\/iemecomunicacao.com.br\/wp-content\/uploads\/2024\/11\/bolinhas-300x71.png 300w\" sizes=\"(max-width: 448px) 100vw, 448px\" style=\"width:100%;height:23.66%;max-width:448px\" \/>\t\t\t\t\t\t\t\t\t\t\t\t\t<\/div>\n\t\t\t\t<\/div>\n\t\t\t\t<\/div>\n\t\t<div class=\"elementor-element elementor-element-225adde5 e-con-full e-flex e-con e-parent\" data-id=\"225adde5\" data-element_type=\"container\" data-settings=\"{&quot;background_background&quot;:&quot;classic&quot;}\">\n\t\t<div class=\"elementor-element elementor-element-17d86e64 e-con-full e-flex e-con e-child\" data-id=\"17d86e64\" data-element_type=\"container\">\n\t\t\t\t<div class=\"elementor-element elementor-element-4bc231d2 elementor-widget elementor-widget-heading\" data-id=\"4bc231d2\" data-element_type=\"widget\" data-widget_type=\"heading.default\">\n\t\t\t\t<div class=\"elementor-widget-container\">\n\t\t\t<h2 class=\"elementor-heading-title elementor-size-default\">mais de 20 anos de <span class=\"garet-heavy\">experi\u00eancia<\/span><\/h2>\t\t<\/div>\n\t\t\t\t<\/div>\n\t\t\t\t<\/div>\n\t\t<div class=\"elementor-element elementor-element-3ef21b e-con-full e-flex e-con e-child\" data-id=\"3ef21b\" data-element_type=\"container\">\n\t\t<div class=\"elementor-element elementor-element-325d8e5e e-grid e-con-full e-con e-child\" data-id=\"325d8e5e\" data-element_type=\"container\">\n\t\t\t\t<div class=\"elementor-element elementor-element-c4f9efb elementor-widget elementor-widget-image\" data-id=\"c4f9efb\" data-element_type=\"widget\" data-widget_type=\"image.default\">\n\t\t\t\t<div class=\"elementor-widget-container\">\n\t\t\t\t\t\t\t\t\t\t\t\t\t<img decoding=\"async\" width=\"262\" height=\"257\" src=\"https:\/\/iemecomunicacao.com.br\/wp-content\/uploads\/2024\/11\/Ellipse-1.png\" class=\"attachment-large size-large wp-image-28\" alt=\"\" style=\"width:100%;height:98.09%;max-width:262px\" \/>\t\t\t\t\t\t\t\t\t\t\t\t\t<\/div>\n\t\t\t\t<\/div>\n\t\t\t\t<div class=\"elementor-element elementor-element-3acd2559 elementor-widget elementor-widget-heading\" data-id=\"3acd2559\" data-element_type=\"widget\" data-widget_type=\"heading.default\">\n\t\t\t\t<div class=\"elementor-widget-container\">\n\t\t\t<h2 class=\"elementor-heading-title elementor-size-default\"><div class=\"arapey\">Somos consumidoras, perfeccionistas e apaixonadas pelas palavras.<\/div><br \/> Gostamos do contato humano, priorizamos o atendimento dedicado e mensurado e achamos que, sim, vale a pena sair um pouco da frente das telas e fazer reuni\u00f5es presenciais com cada um dos nossos clientes, fornecedores e parceiros.<\/h2>\t\t<\/div>\n\t\t\t\t<\/div>\n\t\t\t\t<\/div>\n\t\t\t\t<\/div>\n\t\t<div class=\"elementor-element elementor-element-642af821 e-con-full e-flex e-con e-child\" data-id=\"642af821\" data-element_type=\"container\">\n\t\t<div class=\"elementor-element elementor-element-70946f72 e-grid e-con-full e-con e-child\" data-id=\"70946f72\" data-element_type=\"container\" data-settings=\"{&quot;background_background&quot;:&quot;classic&quot;}\">\n\t\t\t\t<div class=\"elementor-element elementor-element-2762e5b9 elementor-widget elementor-widget-heading\" data-id=\"2762e5b9\" data-element_type=\"widget\" data-widget_type=\"heading.default\">\n\t\t\t\t<div class=\"elementor-widget-container\">\n\t\t\t<h2 class=\"elementor-heading-title elementor-size-default\">nossos servi\u00e7os<\/h2>\t\t<\/div>\n\t\t\t\t<\/div>\n\t\t<div class=\"elementor-element elementor-element-75304439 e-grid e-con-full e-con e-child\" data-id=\"75304439\" data-element_type=\"container\">\n\t\t\t\t<div class=\"elementor-element elementor-element-51475045 elementor-widget elementor-widget-heading\" data-id=\"51475045\" data-element_type=\"widget\" data-widget_type=\"heading.default\">\n\t\t\t\t<div class=\"elementor-widget-container\">\n\t\t\t<h2 class=\"elementor-heading-title elementor-size-default\">Intelig\u00eancia <br \/>de neg\u00f3cios<\/h2>\t\t<\/div>\n\t\t\t\t<\/div>\n\t\t\t\t<div class=\"elementor-element elementor-element-74bf7af2 elementor-widget elementor-widget-heading\" data-id=\"74bf7af2\" data-element_type=\"widget\" data-widget_type=\"heading.default\">\n\t\t\t\t<div class=\"elementor-widget-container\">\n\t\t\t<h2 class=\"elementor-heading-title elementor-size-default\">Gera\u00e7\u00e3o de conte\u00fado<\/h2>\t\t<\/div>\n\t\t\t\t<\/div>\n\t\t\t\t<div class=\"elementor-element elementor-element-2a086dea elementor-widget elementor-widget-heading\" data-id=\"2a086dea\" data-element_type=\"widget\" data-widget_type=\"heading.default\">\n\t\t\t\t<div class=\"elementor-widget-container\">\n\t\t\t<h2 class=\"elementor-heading-title elementor-size-default\">Eventos corporativos<\/h2>\t\t<\/div>\n\t\t\t\t<\/div>\n\t\t\t\t<\/div>\n\t\t<div class=\"elementor-element elementor-element-624b5204 e-grid e-con-full e-con e-child\" data-id=\"624b5204\" data-element_type=\"container\">\n\t\t\t\t<div class=\"elementor-element elementor-element-5ae1e27a elementor-widget elementor-widget-heading\" data-id=\"5ae1e27a\" data-element_type=\"widget\" data-widget_type=\"heading.default\">\n\t\t\t\t<div class=\"elementor-widget-container\">\n\t\t\t<h2 class=\"elementor-heading-title elementor-size-default\">Assessoria de imprensa<\/h2>\t\t<\/div>\n\t\t\t\t<\/div>\n\t\t\t\t<div class=\"elementor-element elementor-element-46941cd4 elementor-widget elementor-widget-heading\" data-id=\"46941cd4\" data-element_type=\"widget\" data-widget_type=\"heading.default\">\n\t\t\t\t<div class=\"elementor-widget-container\">\n\t\t\t<h2 class=\"elementor-heading-title elementor-size-default\">M\u00eddias digitais<\/h2>\t\t<\/div>\n\t\t\t\t<\/div>\n\t\t\t\t<div class=\"elementor-element elementor-element-1e814c5a elementor-widget elementor-widget-heading\" data-id=\"1e814c5a\" data-element_type=\"widget\" data-widget_type=\"heading.default\">\n\t\t\t\t<div class=\"elementor-widget-container\">\n\t\t\t<h2 class=\"elementor-heading-title elementor-size-default\">Conte\u00fado de valor<\/h2>\t\t<\/div>\n\t\t\t\t<\/div>\n\t\t\t\t<\/div>\n\t\t<div class=\"elementor-element elementor-element-532b64a4 e-grid e-con-full e-con e-child\" data-id=\"532b64a4\" data-element_type=\"container\">\n\t\t\t\t<div class=\"elementor-element elementor-element-6c2ab18b elementor-widget elementor-widget-heading\" data-id=\"6c2ab18b\" data-element_type=\"widget\" data-widget_type=\"heading.default\">\n\t\t\t\t<div class=\"elementor-widget-container\">\n\t\t\t<h2 class=\"elementor-heading-title elementor-size-default\">Planejamento estrat\u00e9gico<\/h2>\t\t<\/div>\n\t\t\t\t<\/div>\n\t\t\t\t<div class=\"elementor-element elementor-element-5cc1d1a9 elementor-widget elementor-widget-heading\" data-id=\"5cc1d1a9\" data-element_type=\"widget\" data-widget_type=\"heading.default\">\n\t\t\t\t<div class=\"elementor-widget-container\">\n\t\t\t<h2 class=\"elementor-heading-title elementor-size-default\">Branded content<\/h2>\t\t<\/div>\n\t\t\t\t<\/div>\n\t\t\t\t<div class=\"elementor-element elementor-element-1a02c817 elementor-widget elementor-widget-heading\" data-id=\"1a02c817\" data-element_type=\"widget\" data-widget_type=\"heading.default\">\n\t\t\t\t<div class=\"elementor-widget-container\">\n\t\t\t<h2 class=\"elementor-heading-title elementor-size-default\">Publica\u00e7\u00f5es especiais<\/h2>\t\t<\/div>\n\t\t\t\t<\/div>\n\t\t\t\t<\/div>\n\t\t<div class=\"elementor-element elementor-element-1d6f70f9 e-grid e-con-full e-con e-child\" data-id=\"1d6f70f9\" data-element_type=\"container\">\n\t\t\t\t<div class=\"elementor-element elementor-element-308e4f02 elementor-widget elementor-widget-heading\" data-id=\"308e4f02\" data-element_type=\"widget\" data-widget_type=\"heading.default\">\n\t\t\t\t<div class=\"elementor-widget-container\">\n\t\t\t<h2 class=\"elementor-heading-title elementor-size-default\">Seeding<\/h2>\t\t<\/div>\n\t\t\t\t<\/div>\n\t\t\t\t<div class=\"elementor-element elementor-element-696663d9 elementor-widget elementor-widget-heading\" data-id=\"696663d9\" data-element_type=\"widget\" data-widget_type=\"heading.default\">\n\t\t\t\t<div class=\"elementor-widget-container\">\n\t\t\t<h2 class=\"elementor-heading-title elementor-size-default\">A\u00e7\u00f5es de RP<\/h2>\t\t<\/div>\n\t\t\t\t<\/div>\n\t\t\t\t<div class=\"elementor-element elementor-element-419e595b elementor-widget elementor-widget-heading\" data-id=\"419e595b\" data-element_type=\"widget\" data-widget_type=\"heading.default\">\n\t\t\t\t<div class=\"elementor-widget-container\">\n\t\t\t<h2 class=\"elementor-heading-title elementor-size-default\">Projetos Culturais<\/h2>\t\t<\/div>\n\t\t\t\t<\/div>\n\t\t\t\t<\/div>\n\t\t\t\t<\/div>\n\t\t\t\t<\/div>\n\t\t\t\t<\/div>\n\t\t<div class=\"elementor-element elementor-element-41176dab e-con-full e-flex e-con e-parent\" data-id=\"41176dab\" data-element_type=\"container\" data-settings=\"{&quot;background_background&quot;:&quot;classic&quot;}\">\n\t\t<div class=\"elementor-element elementor-element-6d6e91fe e-con-full e-flex e-con e-child\" data-id=\"6d6e91fe\" data-element_type=\"container\">\n\t\t<div class=\"elementor-element elementor-element-41b98aa9 e-grid e-con-full e-con e-child\" data-id=\"41b98aa9\" data-element_type=\"container\">\n\t\t\t\t<div class=\"elementor-element elementor-element-65050a05 elementor-widget elementor-widget-heading\" data-id=\"65050a05\" data-element_type=\"widget\" data-widget_type=\"heading.default\">\n\t\t\t\t<div class=\"elementor-widget-container\">\n\t\t\t<h2 class=\"elementor-heading-title elementor-size-default\">vamos nos<br \/> <span class=\"garet-heavy\">comunicar?<\/span><\/h2>\t\t<\/div>\n\t\t\t\t<\/div>\n\t\t\t\t<div class=\"elementor-element elementor-element-3ddf4536 elementor-widget elementor-widget-text-editor\" data-id=\"3ddf4536\" data-element_type=\"widget\" data-widget_type=\"text-editor.default\">\n\t\t\t\t<div class=\"elementor-widget-container\">\n\t\t\t\t\t\t\t<a href=\"mailto:ola@iemecomunicacao.com.br\">ola@iemecomunicacao.com.br<\/a>\n<p>\n<a href=\"https:\/\/wa.me\/5541989015244\"><i class=\"fab fa-whatsapp\"><\/i> (41) 98901-5244<\/a>\n<\/p><p>\n<a href=\"https:\/\/instagram.com\/iemecomunicacao\">instagram.com\/iemecomunicacao<\/a>\n<\/p>\n<br>\n\nRua Fernando Simas, 95 \/ sala 4\nBigorrilho,\nCuritiba &#8211; PR 80430-190\t\t\t\t\t\t<\/div>\n\t\t\t\t<\/div>\n\t\t\t\t<\/div>\n\t\t\t\t<\/div>\n\t\t<div class=\"elementor-element elementor-element-4bb65c57 e-con-full e-flex e-con e-child\" data-id=\"4bb65c57\" data-element_type=\"container\">\n\t\t\t\t<div class=\"elementor-element elementor-element-45e04e79 elementor-widget elementor-widget-image\" data-id=\"45e04e79\" data-element_type=\"widget\" data-widget_type=\"image.default\">\n\t\t\t\t<div class=\"elementor-widget-container\">\n\t\t\t\t\t\t\t\t\t\t\t\t\t<img loading=\"lazy\" decoding=\"async\" width=\"238\" height=\"111\" src=\"https:\/\/iemecomunicacao.com.br\/wp-content\/uploads\/2024\/11\/Property-1cor-1.png\" class=\"attachment-large size-large wp-image-25\" alt=\"\" srcset=\"https:\/\/iemecomunicacao.com.br\/wp-content\/uploads\/2024\/11\/Property-1cor-1.png 238w, https:\/\/iemecomunicacao.com.br\/wp-content\/uploads\/2024\/11\/elementor\/thumbs\/Property-1cor-1-qxdy7fyesb1zsbiofk5zhkm0hny2f16wgnvgi04zy2.png 123w\" sizes=\"(max-width: 238px) 100vw, 238px\" style=\"width:100%;height:46.64%;max-width:238px\" \/>\t\t\t\t\t\t\t\t\t\t\t\t\t<\/div>\n\t\t\t\t<\/div>\n\t\t\t\t<\/div>\n\t\t\t\t<div class=\"elementor-element elementor-element-54dc079c elementor-widget elementor-widget-image\" data-id=\"54dc079c\" data-element_type=\"widget\" data-widget_type=\"image.default\">\n\t\t\t\t<div class=\"elementor-widget-container\">\n\t\t\t\t\t\t\t\t\t\t\t\t\t<img decoding=\"async\" width=\"448\" height=\"106\" src=\"https:\/\/iemecomunicacao.com.br\/wp-content\/uploads\/2024\/11\/bolinhas.png\" class=\"attachment-large size-large wp-image-26\" alt=\"\" srcset=\"https:\/\/iemecomunicacao.com.br\/wp-content\/uploads\/2024\/11\/bolinhas.png 448w, https:\/\/iemecomunicacao.com.br\/wp-content\/uploads\/2024\/11\/bolinhas-300x71.png 300w\" sizes=\"(max-width: 448px) 100vw, 448px\" style=\"width:100%;height:23.66%;max-width:448px\" \/>\t\t\t\t\t\t\t\t\t\t\t\t\t<\/div>\n\t\t\t\t<\/div>\n\t\t\t\t<div class=\"elementor-element elementor-element-259e1422 elementor-widget elementor-widget-image\" data-id=\"259e1422\" data-element_type=\"widget\" data-widget_type=\"image.default\">\n\t\t\t\t<div class=\"elementor-widget-container\">\n\t\t\t\t\t\t\t\t\t\t\t\t\t<img decoding=\"async\" width=\"448\" height=\"106\" src=\"https:\/\/iemecomunicacao.com.br\/wp-content\/uploads\/2024\/11\/bolinhas.png\" class=\"attachment-large size-large wp-image-26\" alt=\"\" srcset=\"https:\/\/iemecomunicacao.com.br\/wp-content\/uploads\/2024\/11\/bolinhas.png 448w, https:\/\/iemecomunicacao.com.br\/wp-content\/uploads\/2024\/11\/bolinhas-300x71.png 300w\" sizes=\"(max-width: 448px) 100vw, 448px\" style=\"width:100%;height:23.66%;max-width:448px\" \/>\t\t\t\t\t\t\t\t\t\t\t\t\t<\/div>\n\t\t\t\t<\/div>\n\t\t\t\t<\/div>\n\t\t\t\t<\/div>\n\t\t","protected":false},"excerpt":{"rendered":"<p>Prazer, somos a IEME Jornalistas de forma\u00e7\u00e3o, acreditamos no poder da comunica\u00e7\u00e3o e que o bom e velho planejamento de marketing ainda \u00e9 importante para o sucesso dos mais diversos neg\u00f3cios. Sorte? Sim, existe. Mas quem quer &#8211; ou pode &#8211; contar com ela? Como assessoras de imprensa, entendemos a efici\u00eancia e agilidade dos meios&hellip; <a class=\"more-link\" href=\"https:\/\/iemecomunicacao.com.br\/\">Continuar lendo <span class=\"screen-reader-text\">Ieme Comunica\u00e7\u00e3o<\/span><\/a><\/p>\n","protected":false},"author":1,"featured_media":0,"parent":0,"menu_order":0,"comment_status":"closed","ping_status":"closed","template":"elementor_canvas","meta":{"footnotes":""},"class_list":["post-8","page","type-page","status-publish","hentry","entry"],"_links":{"self":[{"href":"https:\/\/iemecomunicacao.com.br\/index.php?rest_route=\/wp\/v2\/pages\/8","targetHints":{"allow":["GET"]}}],"collection":[{"href":"https:\/\/iemecomunicacao.com.br\/index.php?rest_route=\/wp\/v2\/pages"}],"about":[{"href":"https:\/\/iemecomunicacao.com.br\/index.php?rest_route=\/wp\/v2\/types\/page"}],"author":[{"embeddable":true,"href":"https:\/\/iemecomunicacao.com.br\/index.php?rest_route=\/wp\/v2\/users\/1"}],"replies":[{"embeddable":true,"href":"https:\/\/iemecomunicacao.com.br\/index.php?rest_route=%2Fwp%2Fv2%2Fcomments&post=8"}],"version-history":[{"count":16,"href":"https:\/\/iemecomunicacao.com.br\/index.php?rest_route=\/wp\/v2\/pages\/8\/revisions"}],"predecessor-version":[{"id":48,"href":"https:\/\/iemecomunicacao.com.br\/index.php?rest_route=\/wp\/v2\/pages\/8\/revisions\/48"}],"wp:attachment":[{"href":"https:\/\/iemecomunicacao.com.br\/index.php?rest_route=%2Fwp%2Fv2%2Fmedia&parent=8"}],"curies":[{"name":"wp","href":"https:\/\/api.w.org\/{rel}","templated":true}]}}